{"id":15,"date":"2025-01-23T16:43:56","date_gmt":"2025-01-23T13:43:56","guid":{"rendered":"https:\/\/maldosnamai.lt\/?page_id=15"},"modified":"2025-03-17T22:47:51","modified_gmt":"2025-03-17T19:47:51","slug":"%d0%ba%d0%be%d0%bd%d1%82%d0%b0%d0%ba%d1%82","status":"publish","type":"page","link":"https:\/\/maldosnamai.lt\/?page_id=15","title":{"rendered":"\u041a\u043e\u043d\u0442\u0430\u043a\u0442\u044b"},"content":{"rendered":"\n<div class=\"wp-block-columns alignfull is-layout-flex wp-container-core-columns-is-layout-28f84493 wp-block-columns-is-layout-flex\">\n<div class=\"wp-block-column is-layout-flow wp-block-column-is-layout-flow\">\n<div style=\"width: 100%\"><iframe loading=\"lazy\" width=\"100%\" height=\"400\" frameborder=\"0\" scrolling=\"no\" marginheight=\"0\" marginwidth=\"0\" src=\"https:\/\/maps.google.com\/maps?width=100%25&amp;height=400&amp;hl=en&amp;q=Krivul%C4%97s%20g.%2012+(Maldos%20namai)&amp;t=&amp;z=13&amp;ie=UTF8&amp;iwloc=B&amp;output=embed\"><\/iframe><\/div>\n\n\n\n<p><\/p>\n<\/div>\n<\/div>\n\n\n\n<div class=\"wp-block-columns container is-layout-flex wp-container-core-columns-is-layout-28f84493 wp-block-columns-is-layout-flex\">\n<div class=\"wp-block-column is-vertically-aligned-center is-layout-flow wp-block-column-is-layout-flow\">\n<h2 class=\"wp-block-heading hestia-title\">\u041d\u0430\u043f\u0438\u0448\u0438\u0442\u0435 \u043d\u0430\u043c<\/h2>\n\n\n\n<div style=\"height:40px\" aria-hidden=\"true\" class=\"wp-block-spacer\"><\/div>\n\n\n<div class=\"wpforms-container wpforms-container-full wpforms-block wpforms-block-741b27da-63da-4966-9ed7-aff1b7c418de\" id=\"wpforms-103\"><form id=\"wpforms-form-103\" class=\"wpforms-validate wpforms-form\" data-formid=\"103\" method=\"post\" enctype=\"multipart\/form-data\" action=\"\/index.php?rest_route=%2Fwp%2Fv2%2Fpages%2F15\" data-token=\"74eeaa783024e6f377f2b7c1098405f5\" data-token-time=\"1776322497\"><noscript class=\"wpforms-error-noscript\">\u0414\u043b\u044f \u0437\u0430\u043f\u043e\u043b\u043d\u0435\u043d\u0438\u044f \u0434\u0430\u043d\u043d\u043e\u0439 \u0444\u043e\u0440\u043c\u044b \u0432\u043a\u043b\u044e\u0447\u0438\u0442\u0435 JavaScript \u0432 \u0431\u0440\u0430\u0443\u0437\u0435\u0440\u0435.<\/noscript><div class=\"wpforms-field-container\"><div id=\"wpforms-103-field_0-container\" class=\"wpforms-field wpforms-field-name wpforms-one-half wpforms-first\" data-field-id=\"0\"><label class=\"wpforms-field-label wpforms-label-hide\" for=\"wpforms-103-field_0\">\u0418\u043c\u044f <span class=\"wpforms-required-label\">*<\/span><\/label><input type=\"text\" id=\"wpforms-103-field_0\" class=\"wpforms-field-large wpforms-field-required\" name=\"wpforms[fields][0]\" placeholder=\"\u0412\u0430\u0448\u0435 \u0438\u043c\u044f\" required><\/div><div id=\"wpforms-103-field_3-container\" class=\"wpforms-field wpforms-field-email wpforms-one-half\" data-field-id=\"3\"><label class=\"wpforms-field-label wpforms-label-hide\" for=\"wpforms-103-field_3\">Email <span class=\"wpforms-required-label\">*<\/span><\/label><input type=\"email\" id=\"wpforms-103-field_3\" class=\"wpforms-field-large wpforms-field-required\" name=\"wpforms[fields][3]\" placeholder=\"Email\" spellcheck=\"false\" required><\/div><div id=\"wpforms-103-field_4-container\" class=\"wpforms-field wpforms-field-text\" data-field-id=\"4\"><label class=\"wpforms-field-label wpforms-label-hide\" for=\"wpforms-103-field_4\">\u0422\u0435\u043c\u0430<\/label><input type=\"text\" id=\"wpforms-103-field_4\" class=\"wpforms-field-large\" name=\"wpforms[fields][4]\" placeholder=\"\u0422\u0435\u043c\u0430\" ><\/div><div id=\"wpforms-103-field_2-container\" class=\"wpforms-field wpforms-field-textarea\" data-field-id=\"2\"><label class=\"wpforms-field-label wpforms-label-hide\" for=\"wpforms-103-field_2\">\u0412\u0430\u0448\u0435 \u0441\u043e\u043e\u0431\u0449\u0435\u043d\u0438\u0435 <span class=\"wpforms-required-label\">*<\/span><\/label><textarea id=\"wpforms-103-field_2\" class=\"wpforms-field-medium wpforms-field-required\" name=\"wpforms[fields][2]\" placeholder=\"\u041d\u0430\u043f\u0438\u0448\u0438\u0442\u0435 \u0412\u0430\u0448 \u043a\u043e\u043c\u043c\u0435\u043d\u0442\u0430\u0440\u0438\u0439 \u0438\u043b\u0438 \u0441\u043e\u043e\u0431\u0449\u0435\u043d\u0438\u0435\" required><\/textarea><\/div><\/div><!-- .wpforms-field-container --><div class=\"wpforms-submit-container\" ><input type=\"hidden\" name=\"wpforms[id]\" value=\"103\"><input type=\"hidden\" name=\"page_title\" value=\"\"><input type=\"hidden\" name=\"page_url\" value=\"https:\/\/maldosnamai.lt\/index.php?rest_route=\/wp\/v2\/pages\/15\"><input type=\"hidden\" name=\"url_referer\" value=\"\"><button type=\"submit\" name=\"wpforms[submit]\" id=\"wpforms-submit-103\" class=\"wpforms-submit\" data-alt-text=\"\u041e\u0442\u043f\u0440\u0430\u0432\u043b\u044f\u0435\u043c...\" data-submit-text=\"\u041e\u0442\u043f\u0440\u0430\u0432\u0438\u0442\u044c\" aria-live=\"assertive\" value=\"wpforms-submit\">\u041e\u0442\u043f\u0440\u0430\u0432\u0438\u0442\u044c<\/button><\/div><\/form><\/div>  <!-- .wpforms-container --><\/div>\n\n\n\n<div class=\"wp-block-column is-vertically-aligned-center is-layout-flow wp-block-column-is-layout-flow\">\n<div class=\"wp-block-columns is-layout-flex wp-container-core-columns-is-layout-28f84493 wp-block-columns-is-layout-flex\">\n<div class=\"wp-block-column is-layout-flow wp-block-column-is-layout-flow\"><\/div>\n\n\n\n<div class=\"wp-block-column is-layout-flow wp-block-column-is-layout-flow\" style=\"flex-basis:50%\">\n<h4 class=\"wp-block-heading has-text-align-left hestia-title has-text-color\" style=\"color:#3c4858;font-size:18px\"><img decoding=\"async\" class=\"wp-image-86\" style=\"width: 25px;\" src=\"https:\/\/maldosnamai.lt\/wp-content\/themes\/hestia\/assets\/img\/contact1.png\" alt=\"Map icon\"> <strong>\u041d\u0430\u0448 \u0430\u0434\u0440\u0435\u0441<\/strong><\/h4>\n\n\n\n<p class=\"has-text-align-left has-text-color\" style=\"color:#999999;font-size:14px\">Krivul\u0117s g. 12, Vilnius, Lietuva<br>\u0423\u043b. \u041a\u0440\u0438\u0432\u0443\u043b\u0435\u0441 12, \u0412\u0438\u043b\u044c\u043d\u044e\u0441, \u041b\u0438\u0442\u0432\u0430<\/p>\n\n\n\n<div style=\"height:40px\" aria-hidden=\"true\" class=\"wp-block-spacer\"><\/div>\n\n\n\n<h4 class=\"wp-block-heading has-text-align-left hestia-title has-text-color\" style=\"color:#3c4858;font-size:18px\"><img decoding=\"async\" class=\"wp-image-98\" style=\"width: 25px;\" src=\"https:\/\/maldosnamai.lt\/wp-content\/themes\/hestia\/assets\/img\/contact2.png\" alt=\"\"> <strong><strong>\u0417\u0432\u043e\u043d\u0438\u0442\u0435<\/strong><\/strong><\/h4>\n\n\n\n<p class=\"has-text-align-left has-text-color\" style=\"color:#999999;font-size:14px\">\u0441 9:00 \u0434\u043e 17:00<br><strong>+370 645 20252<\/strong><\/p>\n\n\n\n<div style=\"height:40px\" aria-hidden=\"true\" class=\"wp-block-spacer\"><\/div>\n\n\n\n<h4 class=\"wp-block-heading has-text-align-left hestia-title has-text-color\" style=\"color:#3c4858;font-size:18px\"><img decoding=\"async\" class=\"wp-image-105\" style=\"width: 25px;\" src=\"https:\/\/maldosnamai.lt\/wp-content\/themes\/hestia\/assets\/img\/contact3.png\" alt=\"\"><strong>  <strong>\u0414\u043b\u044f \u043f\u043e\u0436\u0435\u0440\u0442\u0432\u043e\u0432\u0430\u043d\u0438\u0439<\/strong><\/strong><\/h4>\n\n\n\n<p class=\"has-text-align-left has-text-color\" style=\"color:#999999;font-size:14px\">Luminor Bank AB<br>LT694010042400074020<br>\u041f\u043e\u043b\u0443\u0447\u0430\u0442\u0435\u043b\u044c: Vilniaus m. evangelinio tik\u0117jimo krik\u0161\u010dioni\u0173 ba\u017eny\u010dia &#171;Maldos namai&#187;<br>\u041d\u0430\u0437\u043d\u0430\u0447\u0435\u043d\u0438\u0435 \u043f\u0435\u0440\u0435\u0432\u043e\u0434\u0430: \u041f\u043e\u0436\u0435\u0440\u0442\u0432\u043e\u0432\u0430\u043d\u0438\u0435 (Paaukojimas)<\/p>\n<\/div>\n<\/div>\n<\/div>\n<\/div>\n\n\n\n<p><\/p>\n","protected":false},"excerpt":{"rendered":"<p>\u041d\u0430\u043f\u0438\u0448\u0438\u0442\u0435 \u043d\u0430\u043c \u041d\u0430\u0448 \u0430\u0434\u0440\u0435\u0441 Krivul\u0117s g. 12, Vilnius, Lietuva\u0423\u043b. \u041a\u0440\u0438\u0432\u0443\u043b\u0435\u0441 12, \u0412\u0438\u043b\u044c\u043d\u044e\u0441, \u041b\u0438\u0442\u0432\u0430 \u0417\u0432\u043e\u043d\u0438\u0442\u0435 \u0441 9:00 \u0434\u043e 17:00+370 645 20252 \u0414\u043b\u044f \u043f\u043e\u0436\u0435\u0440\u0442\u0432\u043e\u0432\u0430\u043d\u0438\u0439 Luminor Bank ABLT694010042400074020\u041f\u043e\u043b\u0443\u0447\u0430\u0442\u0435\u043b\u044c: Vilniaus m. evangelinio tik\u0117jimo krik\u0161\u010dioni\u0173 ba\u017eny\u010dia &#171;Maldos namai&#187;\u041d\u0430\u0437\u043d\u0430\u0447\u0435\u043d\u0438\u0435 \u043f\u0435\u0440\u0435\u0432\u043e\u0434\u0430: \u041f\u043e\u0436\u0435\u0440\u0442\u0432\u043e\u0432\u0430\u043d\u0438\u0435 (Paaukojimas)<\/p>\n","protected":false},"author":1,"featured_media":7,"parent":0,"menu_order":0,"comment_status":"closed","ping_status":"closed","template":"page-templates\/template-pagebuilder-full-width.php","meta":{"give_campaign_id":0,"footnotes":""},"class_list":["post-15","page","type-page","status-publish","has-post-thumbnail","hentry"],"campaignId":"","_links":{"self":[{"href":"https:\/\/maldosnamai.lt\/index.php?rest_route=\/wp\/v2\/pages\/15","targetHints":{"allow":["GET"]}}],"collection":[{"href":"https:\/\/maldosnamai.lt\/index.php?rest_route=\/wp\/v2\/pages"}],"about":[{"href":"https:\/\/maldosnamai.lt\/index.php?rest_route=\/wp\/v2\/types\/page"}],"author":[{"embeddable":true,"href":"https:\/\/maldosnamai.lt\/index.php?rest_route=\/wp\/v2\/users\/1"}],"replies":[{"embeddable":true,"href":"https:\/\/maldosnamai.lt\/index.php?rest_route=%2Fwp%2Fv2%2Fcomments&post=15"}],"version-history":[{"count":11,"href":"https:\/\/maldosnamai.lt\/index.php?rest_route=\/wp\/v2\/pages\/15\/revisions"}],"predecessor-version":[{"id":176,"href":"https:\/\/maldosnamai.lt\/index.php?rest_route=\/wp\/v2\/pages\/15\/revisions\/176"}],"wp:featuredmedia":[{"embeddable":true,"href":"https:\/\/maldosnamai.lt\/index.php?rest_route=\/wp\/v2\/media\/7"}],"wp:attachment":[{"href":"https:\/\/maldosnamai.lt\/index.php?rest_route=%2Fwp%2Fv2%2Fmedia&parent=15"}],"curies":[{"name":"wp","href":"https:\/\/api.w.org\/{rel}","templated":true}]}}