{"id":2,"date":"2025-01-23T16:37:32","date_gmt":"2025-01-23T13:37:32","guid":{"rendered":"https:\/\/maldosnamai.lt\/?page_id=2"},"modified":"2025-10-29T13:45:56","modified_gmt":"2025-10-29T10:45:56","slug":"%d0%b2%d0%b5%d1%80%d0%be%d1%83%d1%87%d0%b5%d0%bd%d0%b8%d0%b5","status":"publish","type":"page","link":"https:\/\/maldosnamai.lt\/?page_id=2","title":{"rendered":"\u0412\u0435\u0440\u043e\u0443\u0447\u0435\u043d\u0438\u0435 \u0446\u0435\u0440\u043a\u0432\u0438"},"content":{"rendered":"\n<p><a href=\"https:\/\/maldos-namai.lt\/index\/31-16-0-1-2\" target=\"_blank\" rel=\"noreferrer noopener\"><\/a><a href=\"javascript:;\"><\/a>\u0426\u0435\u0440\u043a\u043e\u0432\u044c \u0425\u0440\u0438\u0441\u0442\u0438\u0430\u043d \u0412\u0435\u0440\u044b \u0415\u0432\u0430\u043d\u0433\u0435\u043b\u044c\u0441\u043a\u043e\u0439 \u0442\u0430\u043a \u0438\u043c\u0435\u043d\u0443\u0435\u0442\u0441\u044f \u043d\u0430 \u043e\u0441\u043d\u043e\u0432\u0430\u043d\u0438\u0438:<br>\u0414\u0435\u044f\u043d. 11:26 \u00ab&#8230;\u0443\u0447\u0435\u043d\u0438\u043a\u0438 \u0432 \u0410\u043d\u0442\u0438\u043e\u0445\u0438\u0438 \u0432 \u043f\u0435\u0440\u0432\u044b\u0439 \u0440\u0430\u0437 \u0441\u0442\u0430\u043b\u0438 \u043d\u0430\u0437\u044b\u0432\u0430\u0442\u044c\u0441\u044f \u0425\u0440\u0438\u0441\u0442\u0438\u0430\u043d\u0430\u043c\u0438.\u00bb<br>\u0424\u0438\u043b. 1:27 \u00ab&#8230;\u0432\u044b \u0441\u0442\u043e\u0438\u0442\u0435 \u0432 \u043e\u0434\u043d\u043e\u043c \u0434\u0443\u0445\u0435, \u043f\u043e\u0434\u0432\u0438\u0437\u0430\u044f\u0441\u044c \u0435\u0434\u0438\u043d\u043e\u0434\u0443\u0448\u043d\u043e \u0437\u0430 \u0432\u0435\u0440\u0443 \u0415\u0432\u0430\u043d\u0433\u0435\u043b\u044c\u0441\u043a\u0443\u044e.\u00bb<\/p>\n\n\n\n<p>\u041c\u044b \u0432\u0435\u0440\u0438\u043c:<br>\u2022 \u0412 \u0415\u0434\u0438\u043d\u043e\u0433\u043e \u0416\u0438\u0432\u043e\u0433\u043e \u0411\u043e\u0433\u0430, \u043a\u043e\u0442\u043e\u0440\u044b\u0439 \u043e\u0442\u043a\u0440\u044b\u043b\u0441\u044f \u043b\u044e\u0434\u044f\u043c \u043a\u0430\u043a \u0421\u0443\u0449\u0438\u0439 \u0432 \u0442\u0440\u0435\u0445 \u043b\u0438\u0446\u0430\u0445: \u0411\u043e\u0433 \u041e\u0442\u0435\u0446, \u0411\u043e\u0433 \u0421\u044b\u043d, \u0411\u043e\u0433 \u0414\u0443\u0445 \u0421\u0432\u044f\u0442\u043e\u0439. \u0412\u0442. 6:4; \u041c\u0444. 28:19; 1\u0418\u043d. 5:7<br>\u2022 \u0412 \u0411\u043e\u0433\u0430 \u0422\u0432\u043e\u0440\u0446\u0430 \u0432\u0441\u0435\u0433\u043e \u0432\u0438\u0434\u0438\u043c\u043e\u0433\u043e \u0438 \u043d\u0435\u0432\u0438\u0434\u0438\u043c\u043e\u0433\u043e. \u0411\u044b\u0442. 1:1; \u041a\u043e\u043b. 1:16<br>\u2022 \u0427\u0442\u043e \u0411\u0438\u0431\u043b\u0438\u044f \u044f\u0432\u043b\u044f\u0435\u0442\u0441\u044f \u0411\u043e\u0433\u043e\u0432\u0434\u043e\u0445\u043d\u043e\u0432\u0435\u043d\u043d\u044b\u043c \u0421\u043b\u043e\u0432\u043e\u043c \u0411\u043e\u0436\u044c\u0438\u043c, \u0435\u0434\u0438\u043d\u0441\u0442\u0432\u0435\u043d\u043d\u043e \u043d\u0435\u043f\u043e\u0433\u0440\u0435\u0448\u0438\u043c\u044b\u043c. 2\u041f\u0435\u0442\u0440\u0430 1:21; 2\u0422\u0438\u043c. 3:16<br>\u2022 \u0412 \u043d\u0435\u043f\u043e\u0440\u043e\u0447\u043d\u043e\u0435 \u0437\u0430\u0447\u0430\u0442\u0438\u0435 \u0438 \u0431\u0435\u0437\u0433\u0440\u0435\u0448\u043d\u0443\u044e \u0436\u0438\u0437\u043d\u044c \u0418\u0438\u0441\u0443\u0441\u0430 \u0425\u0440\u0438\u0441\u0442\u0430; \u0447\u0443\u0434\u0435\u0441\u0430, \u0441\u043e\u0432\u0435\u0440\u0448\u0435\u043d\u043d\u044b\u0435 \u0418\u043c; \u0415\u0433\u043e \u0438\u0441\u043a\u0443\u043f\u0438\u0442\u0435\u043b\u044c\u043d\u0443\u044e \u0441\u043c\u0435\u0440\u0442\u044c; \u0442\u0435\u043b\u0435\u0441\u043d\u043e\u0435 \u0432\u043e\u0441\u043a\u0440\u0435\u0441\u0435\u043d\u0438\u0435; \u0432\u043e\u0437\u043d\u0435\u0441\u0435\u043d\u0438\u0435 \u043d\u0430 \u043d\u0435\u0431\u043e \u0438 \u0445\u043e\u0434\u0430\u0442\u0430\u0439\u0441\u0442\u0432\u043e \u043f\u0435\u0440\u0435\u0434 \u041e\u0442\u0446\u043e\u043c; \u0415\u0433\u043e \u0432\u0442\u043e\u0440\u043e\u0435 \u043f\u0440\u0438\u0448\u0435\u0441\u0442\u0432\u0438\u0435, \u043a\u0430\u043a \u0431\u043b\u0430\u0433\u043e\u0441\u043b\u043e\u0432\u0435\u043d\u043d\u0443\u044e \u043d\u0430\u0434\u0435\u0436\u0434\u0443 \u0432\u0441\u0435\u0445 \u0443\u0432\u0435\u0440\u043e\u0432\u0430\u0432\u0448\u0438\u0445 \u0432\u043e \u0425\u0440\u0438\u0441\u0442\u0430. \u0418\u0441. 7:14; \u041c\u0444. 1:23; \u0418\u043d. 20:30; \u0415\u0432\u0440. 7:26; \u041a\u043e\u0440. 15:3,4;<br>\u0414\u0435\u044f\u043d. 1:9; \u0415\u0432\u0440. 9:24;1\u0424\u0435\u0441. 4:15-17; \u0414\u0435\u044f\u043d. 1:11<br>\u2022 \u0412 \u0441\u043e\u0442\u0432\u043e\u0440\u0435\u043d\u0438\u0435 \u0411\u043e\u0433\u043e\u043c \u0447\u0435\u043b\u043e\u0432\u0435\u043a\u0430 \u0438 \u0435\u0433\u043e \u0433\u0440\u0435\u0445\u043e\u043f\u0430\u0434\u0435\u043d\u0438\u0435 \u0447\u0435\u0440\u0435\u0437 \u043d\u0435\u043f\u043e\u0441\u043b\u0443\u0448\u0430\u043d\u0438\u0435. \u0411\u044b\u0442. 1:26-28;<br>\u0411\u044b\u0442. 2:16-17; \u0411\u044b\u0442. 3:6-7; \u0420\u0438\u043c. 5:12-21<br>\u2022 \u0427\u0442\u043e \u0441\u043f\u0430\u0441\u0435\u043d\u0438\u0435 \u0434\u0430\u0435\u0442\u0441\u044f \u0447\u0435\u043b\u043e\u0432\u0435\u043a\u0443 \u0434\u0430\u0440\u043e\u043c, \u043f\u043e \u0432\u0435\u0440\u0435 \u0432 \u0418\u0438\u0441\u0443\u0441\u0430 \u0425\u0440\u0438\u0441\u0442\u0430, \u041a\u043e\u0442\u043e\u0440\u044b\u0439 \u0443\u043c\u0435\u0440 \u0437\u0430 \u0433\u0440\u0435\u0445\u0438 \u043d\u0430\u0448\u0438, \u0431\u044b\u043b \u043f\u043e\u0433\u0440\u0435\u0431\u0435\u043d \u0438 \u0432\u043e\u0441\u043a\u0440\u0435\u0441. \u0415\u0444. 2:8; \u0422\u0438\u0442. 3:5; 1\u041a\u043e\u0440. 15:3-4<\/p>\n\n\n\n<p>\u2022 \u0427\u0442\u043e \u0440\u043e\u0436\u0434\u0435\u043d\u0438\u0435 \u0441\u0432\u044b\u0448\u0435 \u0447\u0435\u043b\u043e\u0432\u0435\u043a\u0430 \u0441\u043e\u0432\u0435\u0440\u0448\u0430\u0435\u0442\u0441\u044f \u043f\u043e\u0441\u0440\u0435\u0434\u0441\u0442\u0432\u043e\u043c \u043f\u0440\u0438\u043d\u044f\u0442\u0438\u044f \u0432\u0435\u0440\u043e\u0439 \u0441\u0432\u0438\u0434\u0435\u0442\u0435\u043b\u044c\u0441\u0442\u0432\u0430 \u0421\u043b\u043e\u0432\u0430 \u0411\u043e\u0436\u0438\u044f \u043e \u0425\u0440\u0438\u0441\u0442\u0435 \u0418\u0438\u0441\u0443\u0441\u0435 \u0438 \u0434\u0435\u0439\u0441\u0442\u0432\u0438\u044f \u0441\u0438\u043b\u044b \u0421\u0432\u044f\u0442\u043e\u0433\u043e \u0414\u0443\u0445\u0430.<br>\u0418\u043d. 3:5; 1\u0418\u043d. 5:10-13; \u0418\u0430\u043a. 1:18<br>\u2022 \u0412 \u0435\u0434\u0438\u043d\u0443\u044e \u0412\u0441\u0435\u043b\u0435\u043d\u0441\u043a\u0443\u044e \u0426\u0435\u0440\u043a\u043e\u0432\u044c \u0425\u0440\u0438\u0441\u0442\u0430, \u0441\u043e\u0437\u0434\u0430\u043d\u043d\u0443\u044e \u0418\u043c \u0438\u0437 \u0432\u0441\u0435\u0445 \u043d\u0430\u0440\u043e\u0434\u043e\u0432, \u044f\u0437\u044b\u043a\u043e\u0432 \u0438 \u043f\u043b\u0435\u043c\u0435\u043d. \u041c\u0444. 16:18; \u0415\u0444. 3:3-6<br>\u2022 \u0427\u0442\u043e \u043a\u0440\u0435\u0449\u0435\u043d\u0438\u0435 \u0441\u043e\u0432\u0435\u0440\u0448\u0430\u0435\u0442\u0441\u044f \u043f\u043e\u043b\u043d\u044b\u043c \u043f\u043e\u0433\u0440\u0443\u0436\u0435\u043d\u0438\u0435\u043c \u0432 \u0432\u043e\u0434\u0443 \u0432\u043e \u0438\u043c\u044f \u041e\u0442\u0446\u0430 \u0438 \u0421\u044b\u043d\u0430 \u0438 \u0421\u0432\u044f\u0442\u043e\u0433\u043e \u0414\u0443\u0445\u0430. \u041c\u0444. 3:16; \u041c\u0444. 28:19<br>\u2022 \u0412 \u043a\u0440\u0435\u0449\u0435\u043d\u0438\u0435 \u0421\u0432\u044f\u0442\u044b\u043c \u0414\u0443\u0445\u043e\u043c \u0441\u043e \u0437\u043d\u0430\u043c\u0435\u043d\u0438\u0435\u043c \u0438\u043d\u044b\u0445 \u044f\u0437\u044b\u043a\u043e\u0432. \u0414\u0435\u044f\u043d. 2:2-4; \u0414\u0435\u044f\u043d. 10:44-46;<br>\u0414\u0435\u044f\u043d. 11:14-16; \u0414\u0435\u044f\u043d. 19:6<br>\u2022 \u0412 \u0434\u0435\u0439\u0441\u0442\u0432\u0438\u0435 \u0434\u0430\u0440\u043e\u0432 \u0421\u0432\u044f\u0442\u043e\u0433\u043e \u0414\u0443\u0445\u0430, \u043a\u0430\u043a \u043d\u0435\u0438\u0437\u043c\u0435\u043d\u043d\u043e\u0435 \u0411\u043e\u0436\u0438\u0435 \u0443\u0441\u0442\u0430\u043d\u043e\u0432\u043b\u0435\u043d\u0438\u0435 \u0432 \u0415\u0433\u043e \u0426\u0435\u0440\u043a\u0432\u0438.<br>1\u041a\u043e\u0440. 12:4-11; \u0415\u0444\u0435\u0441. 4:7-16<br>\u2022 \u0427\u0442\u043e \u0432\u0441\u0435\u043c \u0443\u0432\u0435\u0440\u043e\u0432\u0430\u0432\u0448\u0438\u043c \u0411\u043e\u0433 \u043f\u043e\u0432\u0435\u043b\u0435\u0432\u0430\u0435\u0442 \u0432\u0435\u0441\u0442\u0438 \u0441\u0432\u044f\u0442\u0443\u044e, \u0443\u0433\u043e\u0434\u043d\u0443\u044e \u0411\u043e\u0433\u0443 \u0436\u0438\u0437\u043d\u044c.<br>1\u041f\u0435\u0442\u0440. 1:14-16; \u0415\u0432\u0440. 12:14; 1\u0424\u0435\u0441. 4:1-7<br>\u2022 \u0412 \u0411\u043e\u0436\u0435\u0441\u0442\u0432\u0435\u043d\u043d\u043e\u0435 \u0438\u0441\u0446\u0435\u043b\u0435\u043d\u0438\u0435 \u0431\u043e\u043b\u044c\u043d\u044b\u0445 \u043f\u043e \u0438\u0445 \u0432\u0435\u0440\u0435, \u0441\u043e\u0432\u0435\u0440\u0448\u0430\u0435\u043c\u043e\u0435 \u0411\u043e\u0433\u043e\u043c \u043f\u043e \u0415\u0433\u043e \u0438\u0437\u0432\u043e\u043b\u0435\u043d\u0438\u044e. \u041c\u0444. 8:13; \u0418\u0430\u043a. 5:13-16<br>\u2022 \u0427\u0442\u043e \u0412\u0435\u0447\u0435\u0440\u044f \u0413\u043e\u0441\u043f\u043e\u0434\u043d\u044f \u044f\u0432\u043b\u044f\u0435\u0442\u0441\u044f \u0437\u0430\u043f\u043e\u0432\u0435\u0434\u044c\u044e \u0418\u0438\u0441\u0443\u0441\u0430 \u0425\u0440\u0438\u0441\u0442\u0430, \u0441\u043e\u0432\u0435\u0440\u0448\u0430\u0435\u043c\u043e\u0435 \u0432 \u0415\u0433\u043e \u0426\u0435\u0440\u043a\u0432\u0438 \u043a\u0430\u043a \u0432\u043e\u0441\u043f\u043e\u043c\u0438\u043d\u0430\u043d\u0438\u0435 \u0415\u0433\u043e \u0441\u0442\u0440\u0430\u0434\u0430\u043d\u0438\u0439 \u0438 \u0441\u043c\u0435\u0440\u0442\u0438 \u0434\u043e \u0415\u0433\u043e \u0432\u0442\u043e\u0440\u043e\u0433\u043e \u043f\u0440\u0438\u0448\u0435\u0441\u0442\u0432\u0438\u044f.<br>1\u041a\u043e\u0440 11:23-32<br>\u2022 \u0412 \u0442\u0435\u043b\u0435\u0441\u043d\u043e\u0435 \u0432\u043e\u0441\u043a\u0440\u0435\u0441\u0435\u043d\u0438\u0435 \u0432\u0441\u0435\u0445 \u0443\u0432\u0435\u0440\u043e\u0432\u0430\u0432\u0448\u0438\u0445 \u0432\u043e \u0425\u0440\u0438\u0441\u0442\u0430, \u0438\u0437\u043c\u0435\u043d\u0435\u043d\u0438\u0435 \u0442\u0435\u043b, \u043e\u0441\u0442\u0430\u0432\u0448\u0438\u0445\u0441\u044f \u0432 \u0436\u0438\u0432\u044b\u0445 \u0432\u043e \u0432\u0440\u0435\u043c\u044f \u044f\u0432\u043b\u0435\u043d\u0438\u044f \u0425\u0440\u0438\u0441\u0442\u0430 \u0437\u0430 \u0426\u0435\u0440\u043a\u043e\u0432\u044c\u044e. \u0418\u043d. 5:28; 1\u041a\u043e\u0440. 15:22-23; 1\u0424\u0435\u0441. 4:14-18<br>\u2022 \u0412\u043e \u0432\u0442\u043e\u0440\u043e\u0435 \u043f\u0440\u0438\u0448\u0435\u0441\u0442\u0432\u0438\u0435 \u0425\u0440\u0438\u0441\u0442\u0430, \u0415\u0433\u043e \u0442\u044b\u0441\u044f\u0447\u0435\u043b\u0435\u0442\u043d\u0435\u0435 \u0426\u0430\u0440\u0441\u0442\u0432\u0438\u0435 \u043d\u0430 \u0437\u0435\u043c\u043b\u0435 \u043f\u043e\u0441\u043b\u0435 \u0432\u0435\u043b\u0438\u043a\u043e\u0439 \u0441\u043a\u043e\u0440\u0431\u0438, \u043a\u043e\u0433\u0434\u0430 \u0441\u0430\u0442\u0430\u043d\u0430 \u0431\u0443\u0434\u0435\u0442 \u0441\u043a\u043e\u0432\u0430\u043d \u043d\u0430 \u0442\u044b\u0441\u044f\u0447\u0443 \u043b\u0435\u0442. \u0418\u0441. 11:6-9; \u041e\u0442\u043a\u0440. 20:1-6<br>\u2022 \u0412 \u0432\u043e\u0441\u043a\u0440\u0435\u0441\u0435\u043d\u0438\u0435 \u0432\u0441\u0435\u0445 \u043d\u0435 \u0440\u0430\u0441\u043a\u0430\u044f\u0432\u0448\u0438\u0445\u0441\u044f \u0432 \u0433\u0440\u0435\u0445\u0430\u0445 \u0441\u0432\u043e\u0438\u0445, \u043e\u0442\u0432\u0435\u0440\u0433\u0430\u044e\u0449\u0438\u0445 \u043b\u044e\u0431\u043e\u0432\u044c \u0411\u043e\u0436\u0438\u044e \u0438 \u0438\u0445 \u0432\u0435\u0447\u043d\u043e\u0435 \u043d\u0430\u043a\u0430\u0437\u0430\u043d\u0438\u0435. \u0418\u043d. 5:29; 2\u0424\u0435\u0441. 1:9; \u041e\u0442\u043a\u0440. 20:10-15<br>\u2022 \u0412 \u0441\u043e\u0442\u0432\u043e\u0440\u0435\u043d\u0438\u0435 \u0411\u043e\u0433\u043e\u043c \u043d\u043e\u0432\u043e\u0433\u043e \u043d\u0435\u0431\u0430 \u0438 \u043d\u043e\u0432\u043e\u0439 \u0437\u0435\u043c\u043b\u0438, \u0432\u0435\u0447\u043d\u043e\u0435 \u0431\u043b\u0430\u0436\u0435\u043d\u0441\u0442\u0432\u043e \u0447\u0435\u043b\u043e\u0432\u0435\u043a\u0430 \u0432 \u043e\u0431\u0449\u0435\u043d\u0438\u0438 \u0441 \u0411\u043e\u0433\u043e\u043c. \u041e\u0442\u043a\u0440. 21:1-7<\/p>\n\n\n\n<h2 class=\"wp-block-heading\">Mes tikime:<\/h2>\n\n\n\n<ul class=\"wp-block-list\">\n<li>\u012f Vienintel\u012f Tikr\u0105j\u012f Diev\u0105, kuris apsirei\u0161k\u0117 \u017emon\u0117ms, kaip esantis Trijuose Asmenyse: Dievas T\u0117vas, Dievas S\u016bnus, Dievas \u0160ventoji Dvasia. P.\u012est.6,4; Mt.28,19; 1Jn.5,7;<\/li>\n\n\n\n<li>\u012f Diev\u0105, K\u016br\u0117j\u0105 viso kas matoma ir nematoma. Pr.1,1; Kol.1,16;<\/li>\n\n\n\n<li>kad 66 knyg\u0173 kanono Biblija yra \u0160venti Dievo \u012fkv\u0117pti, vieninteliai neklaidingi Ra\u0161tai. 2Pet.1,21; 2Tim.3,15-17;<\/li>\n\n\n\n<li>\u012f J\u0117zaus Kristaus nekalt\u0105 prasid\u0117jim\u0105, nenuod\u0117ming\u0105 gyvenim\u0105, stebuklus, kuriuos Jis padar\u0117, Jo atperkam\u0105j\u0105 mirt\u012f, prisik\u0117lim\u0105 k\u016bne, \u012f\u017eengim\u0105 \u012f Dang\u0173, u\u017etarim\u0105 T\u0117vo akivaizdoje, Jo antr\u0105j\u012f at\u0117jim\u0105, kaip palaimint\u0105 vilt\u012f vis\u0173 t\u0173, kurie \u012ftik\u0117jo J\u0117z\u0173 Krist\u0173. Iz.7,14; Mt.1,23; Jn.20,30; \u017dyd. 7,25-26; 1Kor.15,3-4; ApD. 1,9-11; \u017dyd. 9,24; 1 Tes. 4,13-18; Ap.D. 1,11;<\/li>\n\n\n\n<li>kad \u017emogus yra sukurtas Dievo; v\u0117liau nusid\u0117jo per nepaklusnum\u0105 Jam. Pr.1,26-31; Pr. 3,1-7; Rom.5,12-21;<\/li>\n\n\n\n<li>kad i\u0161gelb\u0117jimas \u017emogui suteikiamas dovanai, tik\u0117jimu \u012f J\u0117z\u0173 Krist\u0173, kuris atpirko mus i\u0161 nuod\u0117mi\u0173. Ef.2,8; Tit.3,5; 1Kor.15,3-4; Gal. 2,16;<\/li>\n\n\n\n<li>kad \u017emogaus atgimimas i\u0161 auk\u0161to vyksta per Dievo \u017dod\u017eio pri\u0117mim\u0105 ir tik\u0117jim\u0105 \u012f J\u0117z\u0173 Krist\u0173, veikiant \u0160ventajai Dvasiai. Jn.3,5-6; 1Jn.5,10-13; Jok.1,18;<\/li>\n\n\n\n<li>\u012f Vienintel\u0119 Visuotin\u0119 Kristaus Ba\u017eny\u010di\u0105, kuri\u0105 Jis suk\u016br\u0117 i\u0161 kiekvienos paderm\u0117s ir kalbos, \u017emoni\u0173 bendruomen\u0117s ir tautos. Mt.16,18; Ef.3,4-6;Apr.5,9.10;<\/li>\n\n\n\n<li>kad krik\u0161tas atliekamas pilnu panardinimu \u012f vanden\u012f vardan T\u0117vo ir S\u016bnaus ir \u0160ventosios Dvasios. Mt.3,16-17; Mt.28,19;<\/li>\n\n\n\n<li>krik\u0161t\u0105 \u012f \u0160vent\u0105j\u0105 Dvasi\u0105 su kit\u0173 kalb\u0173 \u017eenklu. Ap.D.2,2-4; Ap.D.10,44-46; Ap.D.11,14-16; Ap.D.19,6;<\/li>\n\n\n\n<li>\u012f \u0160ventosios Dvasios dovan\u0173 veikim\u0105, jo Ba\u017eny\u010dioje kaip neat\u0161aukiam\u0105 Dievo nuostat\u0105. 1Kor.12,4-11; Ef.4,7-16;<\/li>\n\n\n\n<li>kad visiems, kurie \u012ftik\u0117jo, Dievas liepia elgtis \u0161ventai ir gyventi Dievui tinkam\u0105 gyvenim\u0105. 1Pet.1,14-16; \u017dyd.12,14; 1Tes.4,1-7;<\/li>\n\n\n\n<li>\u012f dievi\u0161k\u0105j\u012f ligoni\u0173 i\u0161gydym\u0105, pagal j\u0173 tik\u0117jim\u0105 ir Dievo vali\u0105. Mt.8,13; Jok.5,13-16;<\/li>\n\n\n\n<li>kad duonos lau\u017eymas ir g\u0117rimas i\u0161 taur\u0117s yra J\u0117zaus Kristaus \u012fsakymas, atliekamas Jo Ba\u017eny\u010dioje, kaip Jo kan\u010dios ir mirties prisiminimas iki Jo antrojo at\u0117jimo. Mt.26,26-29; 1Kor.11,23-32;<\/li>\n\n\n\n<li>\u012f vis\u0173, \u012ftik\u0117jusi\u0173 \u012f Krist\u0173 mirusi\u0173j\u0173, prisik\u0117lim\u0105 k\u016bne ir gyv\u0173j\u0173 k\u016bno perkeitim\u0105, Jo antrojo at\u0117jimo metu. Jn.5,28; 1Kor.15,22-24; 1Tes.4,14-18;<\/li>\n\n\n\n<li>\u012f Kristaus antr\u0105j\u012f at\u0117jim\u0105, Jo T\u016bkstan\u010dio Met\u0173 karalyst\u0119 \u0161ioje \u017eem\u0117je po did\u017eiojo sielvarto, kai \u0161\u0117tonas bus sukaustytas t\u016bkstan\u010diui met\u0173. Apr.20,1-6; Iz.11,6-9;<\/li>\n\n\n\n<li>\u012f prisik\u0117lim\u0105 vis\u0173, neatgailavusi\u0173 d\u0117l savo nuod\u0117mi\u0173, kurie atmet\u0117 Dievo meil\u0119, ir j\u0173 am\u017ein\u0105 bausm\u0119. Jn.5,29; 2Tes.1,9; Apr.20,10-15;<\/li>\n\n\n\n<li>kad Dievas sukurs nauj\u0105 \u017eem\u0119 ir nauj\u0105 dang\u0173, \u0161vent\u0173j\u0173 am\u017ein\u0105 bendravim\u0105 su Dievu. Apr.21,1-7.<\/li>\n<\/ul>\n","protected":false},"excerpt":{"rendered":"<p>\u0426\u0435\u0440\u043a\u043e\u0432\u044c \u0425\u0440\u0438\u0441\u0442\u0438\u0430\u043d \u0412\u0435\u0440\u044b \u0415\u0432\u0430\u043d\u0433\u0435\u043b\u044c\u0441\u043a\u043e\u0439 \u0442\u0430\u043a \u0438\u043c\u0435\u043d\u0443\u0435\u0442\u0441\u044f \u043d\u0430 \u043e\u0441\u043d\u043e\u0432\u0430\u043d\u0438\u0438:\u0414\u0435\u044f\u043d. 11:26 \u00ab&#8230;\u0443\u0447\u0435\u043d\u0438\u043a\u0438 \u0432 \u0410\u043d\u0442\u0438\u043e\u0445\u0438\u0438 \u0432 \u043f\u0435\u0440\u0432\u044b\u0439 \u0440\u0430\u0437 \u0441\u0442\u0430\u043b\u0438 \u043d\u0430\u0437\u044b\u0432\u0430\u0442\u044c\u0441\u044f \u0425\u0440\u0438\u0441\u0442\u0438\u0430\u043d\u0430\u043c\u0438.\u00bb\u0424\u0438\u043b. 1:27 \u00ab&#8230;\u0432\u044b \u0441\u0442\u043e\u0438\u0442\u0435 \u0432 \u043e\u0434\u043d\u043e\u043c \u0434\u0443\u0445\u0435, \u043f\u043e\u0434\u0432\u0438\u0437\u0430\u044f\u0441\u044c \u0435\u0434\u0438\u043d\u043e\u0434\u0443\u0448\u043d\u043e \u0437\u0430 \u0432\u0435\u0440\u0443 \u0415\u0432\u0430\u043d\u0433\u0435\u043b\u044c\u0441\u043a\u0443\u044e.\u00bb \u041c\u044b \u0432\u0435\u0440\u0438\u043c:\u2022 \u0412 \u0415\u0434\u0438\u043d\u043e\u0433\u043e \u0416\u0438\u0432\u043e\u0433\u043e \u0411\u043e\u0433\u0430, \u043a\u043e\u0442\u043e\u0440\u044b\u0439 \u043e\u0442\u043a\u0440\u044b\u043b\u0441\u044f \u043b\u044e\u0434\u044f\u043c \u043a\u0430\u043a \u0421\u0443\u0449\u0438\u0439 \u0432 \u0442\u0440\u0435\u0445 \u043b\u0438\u0446\u0430\u0445: \u0411\u043e\u0433 \u041e\u0442\u0435\u0446, \u0411\u043e\u0433 \u0421\u044b\u043d, \u0411\u043e\u0433 \u0414\u0443\u0445 \u0421\u0432\u044f\u0442\u043e\u0439. [&hellip;]<\/p>\n","protected":false},"author":1,"featured_media":0,"parent":0,"menu_order":0,"comment_status":"closed","ping_status":"closed","template":"","meta":{"give_campaign_id":0,"footnotes":""},"class_list":["post-2","page","type-page","status-publish","hentry"],"campaignId":"","_links":{"self":[{"href":"https:\/\/maldosnamai.lt\/index.php?rest_route=\/wp\/v2\/pages\/2","targetHints":{"allow":["GET"]}}],"collection":[{"href":"https:\/\/maldosnamai.lt\/index.php?rest_route=\/wp\/v2\/pages"}],"about":[{"href":"https:\/\/maldosnamai.lt\/index.php?rest_route=\/wp\/v2\/types\/page"}],"author":[{"embeddable":true,"href":"https:\/\/maldosnamai.lt\/index.php?rest_route=\/wp\/v2\/users\/1"}],"replies":[{"embeddable":true,"href":"https:\/\/maldosnamai.lt\/index.php?rest_route=%2Fwp%2Fv2%2Fcomments&post=2"}],"version-history":[{"count":4,"href":"https:\/\/maldosnamai.lt\/index.php?rest_route=\/wp\/v2\/pages\/2\/revisions"}],"predecessor-version":[{"id":447,"href":"https:\/\/maldosnamai.lt\/index.php?rest_route=\/wp\/v2\/pages\/2\/revisions\/447"}],"wp:attachment":[{"href":"https:\/\/maldosnamai.lt\/index.php?rest_route=%2Fwp%2Fv2%2Fmedia&parent=2"}],"curies":[{"name":"wp","href":"https:\/\/api.w.org\/{rel}","templated":true}]}}